{"id":6963,"date":"2022-05-31T19:16:48","date_gmt":"2022-05-31T22:16:48","guid":{"rendered":"https:\/\/construtorahema.com.br\/novo\/?post_type=product&#038;p=6963"},"modified":"2023-08-23T18:00:29","modified_gmt":"2023-08-23T21:00:29","slug":"residencial-nai","status":"publish","type":"product","link":"https:\/\/construtorahema.com.br\/en\/produto\/residencial-nai\/","title":{"rendered":"Residencial NAI"},"content":{"rendered":"<section class=\"l-section wpb_row height_medium\"><div class=\"l-section-h i-cf\"><div class=\"g-cols vc_row via_flex valign_top type_default\"><div class=\"vc_col-sm-12 wpb_column vc_column_container\"><div class=\"vc_column-inner\"><div class=\"wpb_wrapper\"><div class=\"wpb_text_column\"><div class=\"wpb_wrapper\"><h4>RESIDENCIAL NAI<\/h4>\n<\/div><\/div><div class=\"w-separator size_small with_line width_default thick_1 style_solid color_primary align_center\"><div class=\"w-separator-h\"><\/div><\/div><div class=\"g-cols wpb_row via_flex valign_top type_default\"><div class=\"vc_col-sm-4 wpb_column vc_column_container\"><div class=\"vc_column-inner\"><div class=\"wpb_wrapper\"><div class=\"w-iconbox iconpos_left style_default color_primary align_left no_text\"><div class=\"w-iconbox-icon\" style=\"font-size:2rem;\"><i class=\"fal fa-bicycle\"><\/i><\/div><div class=\"w-iconbox-meta\"><p class=\"w-iconbox-title\">Biciclet\u00e1rio<\/p><\/div><\/div><div class=\"w-separator size_small\"><\/div><div class=\"w-iconbox iconpos_left style_default color_primary align_left no_text\"><div class=\"w-iconbox-icon\" style=\"font-size:2rem;\"><i class=\"fas fa-sun\"><\/i><\/div><div class=\"w-iconbox-meta\"><p class=\"w-iconbox-title\">Lounge Sol Nascente<\/p><\/div><\/div><div class=\"w-separator size_small\"><\/div><div class=\"w-iconbox iconpos_left style_default color_primary align_left no_text\"><div class=\"w-iconbox-icon\" style=\"font-size:2rem;\"><i class=\"fal fa-water\"><\/i><\/div><div class=\"w-iconbox-meta\"><p class=\"w-iconbox-title\">Piscina<\/p><\/div><\/div><div class=\"w-separator size_small\"><\/div><div class=\"w-iconbox iconpos_left style_default color_primary align_left no_text\"><div class=\"w-iconbox-icon\" style=\"font-size:2rem;\"><i class=\"fal fa-glass-cheers\"><\/i><\/div><div class=\"w-iconbox-meta\"><p class=\"w-iconbox-title\">Sal\u00e3o de Festas<\/p><\/div><\/div><div class=\"w-separator size_small\"><\/div><div class=\"w-iconbox iconpos_left style_default color_primary align_left no_text\"><div class=\"w-iconbox-icon\" style=\"font-size:2rem;\"><i class=\"fal fa-hat-chef\"><\/i><\/div><div class=\"w-iconbox-meta\"><p class=\"w-iconbox-title\">Espa\u00e7o Gourmet<\/p><\/div><\/div><div class=\"w-separator size_small\"><\/div><div class=\"w-iconbox iconpos_left style_default color_primary align_left no_text\"><div class=\"w-iconbox-icon\" style=\"font-size:2rem;\"><i class=\"fas fa-dumbbell\"><\/i><\/div><div class=\"w-iconbox-meta\"><p class=\"w-iconbox-title\">Academia<\/p><\/div><\/div><\/div><\/div><\/div><div class=\"vc_col-sm-8 wpb_column vc_column_container\"><div class=\"vc_column-inner\"><div class=\"wpb_wrapper\"><div class=\"wpb_text_column\"><div class=\"wpb_wrapper\"><p>Piscina na frente com um lounge no centro, Loungepool no 5\u00ba andar (coberturas) com Wine Bar, Recep\u00e7\u00e3o privativa no subsolo com escada e elevador para acesso, paisagismo marcante em todos os ambientes do empreendimento, sa\u00edda privativa para bicicletas e equipamentos n\u00e1uticos, localiza\u00e7\u00e3o privilegiada.<\/p>\n<p><strong>\u00c1rea<\/strong><br \/>\nDe 110 a 184m\u00b2<\/p>\n<p><strong>Endere\u00e7o<\/strong><br \/>\nAv. Cabo Branco, 2536 \u2013 Cabo Branco<br \/>\nJo\u00e3o Pessoa \u2013 PB, 58045-010<\/p>\n<p><strong>Valores:<\/strong><\/p>\n<\/div><\/div><div class=\"w-btn-wrapper align_none\"><a class=\"w-btn us-btn-style_3 icon_atleft\" target=\"_blank\" href=\"https:\/\/drive.google.com\/drive\/folders\/1-z7Dk5IyV0C4csLpubWZjVDbVnF-NHe4?usp=sharing\" rel=\"noopener\"><i class=\"fas fa-table\"><\/i><span class=\"w-btn-label\">Confira Tabela de Valores<\/span><\/a><\/div><\/div><\/div><\/div><\/div><div class=\"w-separator size_small with_line width_default thick_1 style_solid color_primary align_center\"><div class=\"w-separator-h\"><\/div><\/div><div class=\"w-btn-wrapper width_full\"><a class=\"w-btn us-btn-style_1\" href=\"#sabermais\"><span class=\"w-btn-label\">TENHO INTERESSE<\/span><\/a><\/div><\/div><\/div><\/div><\/div><\/div><\/section><section class=\"l-section wpb_row height_medium\"><div class=\"l-section-h i-cf\"><div class=\"g-cols vc_row via_flex valign_top type_default\"><div class=\"vc_col-sm-12 wpb_column vc_column_container\"><div class=\"vc_column-inner\"><div class=\"wpb_wrapper\"><div class=\"w-separator size_medium\"><\/div><div class=\"w-grid type_masonry layout_gallery_default cols_2 with_isotope with_css_animation\" id=\"us_grid_1\" data-filterable=\"true\"><style>#us_grid_1 .w-grid-item{padding:5px}#us_grid_1 .w-grid-list{margin:-5px -5px 5px}.w-grid + #us_grid_1 .w-grid-list,.w-grid-none + #us_grid_1 .w-grid-list{margin-top:5px}@media (max-width:599px){#us_grid_1 .w-grid-list{margin:0}#us_grid_1 .w-grid-item{width:100%;padding:0;margin-bottom:5px}}.layout_gallery_default .w-grid-item-h{}<\/style><div class=\"w-grid-list\">\t<article class=\"w-grid-item us_animate_afc off_autostart post-6977 attachment type-attachment status-inherit hentry\" data-id=\"6977\" style=\"animation-delay:0s\">\n\t\t<div class=\"w-grid-item-h\">\n\t\t\t\t\t\t\t<a class=\"w-grid-item-anchor\" href=\"https:\/\/construtorahema.com.br\/en\/wp-content\/uploads\/2022\/05\/COWORKING-1-1024x556-1.jpg\" ref=\"magnificPopupGrid\" title=\"COWORKING-1-1024&#215;556-1\"><\/a>\n\t\t\t\t\t\t<div class=\"w-post-elm post_image usg_post_image_1 stretched\"><img loading=\"lazy\" decoding=\"async\" width=\"1024\" height=\"556\" src=\"https:\/\/construtorahema.com.br\/en\/wp-content\/uploads\/2022\/05\/COWORKING-1-1024x556-1.jpg\" class=\"attachment-full size-full\" alt=\"\" srcset=\"https:\/\/construtorahema.com.br\/en\/wp-content\/uploads\/2022\/05\/COWORKING-1-1024x556-1.jpg 1024w, https:\/\/construtorahema.com.br\/en\/wp-content\/uploads\/2022\/05\/COWORKING-1-1024x556-1-600x326.jpg 600w, https:\/\/construtorahema.com.br\/en\/wp-content\/uploads\/2022\/05\/COWORKING-1-1024x556-1-300x163.jpg 300w, https:\/\/construtorahema.com.br\/en\/wp-content\/uploads\/2022\/05\/COWORKING-1-1024x556-1-768x417.jpg 768w\" sizes=\"(max-width: 1024px) 100vw, 1024px\" \/><\/div>\t\t<\/div>\n\t<\/article>\n\t<article class=\"w-grid-item us_animate_afc off_autostart post-6992 attachment type-attachment status-inherit hentry\" data-id=\"6992\" style=\"animation-delay:0.1s\">\n\t\t<div class=\"w-grid-item-h\">\n\t\t\t\t\t\t\t<a class=\"w-grid-item-anchor\" href=\"https:\/\/construtorahema.com.br\/en\/wp-content\/uploads\/2022\/05\/SALA-APTO-130M\u00b2-1024x683-1.jpg\" ref=\"magnificPopupGrid\" title=\"SALA-APTO-130M\u00b2-1024&#215;683-1\"><\/a>\n\t\t\t\t\t\t<div class=\"w-post-elm post_image usg_post_image_1 stretched\"><img loading=\"lazy\" decoding=\"async\" width=\"1024\" height=\"683\" src=\"https:\/\/construtorahema.com.br\/en\/wp-content\/uploads\/2022\/05\/SALA-APTO-130M\u00b2-1024x683-1.jpg\" class=\"attachment-full size-full\" alt=\"\" srcset=\"https:\/\/construtorahema.com.br\/en\/wp-content\/uploads\/2022\/05\/SALA-APTO-130M\u00b2-1024x683-1.jpg 1024w, https:\/\/construtorahema.com.br\/en\/wp-content\/uploads\/2022\/05\/SALA-APTO-130M\u00b2-1024x683-1-600x400.jpg 600w, https:\/\/construtorahema.com.br\/en\/wp-content\/uploads\/2022\/05\/SALA-APTO-130M\u00b2-1024x683-1-300x200.jpg 300w, https:\/\/construtorahema.com.br\/en\/wp-content\/uploads\/2022\/05\/SALA-APTO-130M\u00b2-1024x683-1-768x512.jpg 768w\" sizes=\"(max-width: 1024px) 100vw, 1024px\" \/><\/div>\t\t<\/div>\n\t<\/article>\n\t<article class=\"w-grid-item us_animate_afc off_autostart post-6988 attachment type-attachment status-inherit hentry\" data-id=\"6988\" style=\"animation-delay:0.2s\">\n\t\t<div class=\"w-grid-item-h\">\n\t\t\t\t\t\t\t<a class=\"w-grid-item-anchor\" href=\"https:\/\/construtorahema.com.br\/en\/wp-content\/uploads\/2022\/05\/POOL-LOUNGE-1024x511-1.jpg\" ref=\"magnificPopupGrid\" title=\"POOL-LOUNGE-1024&#215;511-1\"><\/a>\n\t\t\t\t\t\t<div class=\"w-post-elm post_image usg_post_image_1 stretched\"><img loading=\"lazy\" decoding=\"async\" width=\"1024\" height=\"511\" src=\"https:\/\/construtorahema.com.br\/en\/wp-content\/uploads\/2022\/05\/POOL-LOUNGE-1024x511-1.jpg\" class=\"attachment-full size-full\" alt=\"\" srcset=\"https:\/\/construtorahema.com.br\/en\/wp-content\/uploads\/2022\/05\/POOL-LOUNGE-1024x511-1.jpg 1024w, https:\/\/construtorahema.com.br\/en\/wp-content\/uploads\/2022\/05\/POOL-LOUNGE-1024x511-1-600x299.jpg 600w, https:\/\/construtorahema.com.br\/en\/wp-content\/uploads\/2022\/05\/POOL-LOUNGE-1024x511-1-300x150.jpg 300w, https:\/\/construtorahema.com.br\/en\/wp-content\/uploads\/2022\/05\/POOL-LOUNGE-1024x511-1-768x383.jpg 768w\" sizes=\"(max-width: 1024px) 100vw, 1024px\" \/><\/div>\t\t<\/div>\n\t<\/article>\n\t<article class=\"w-grid-item us_animate_afc off_autostart post-6972 attachment type-attachment status-inherit hentry\" data-id=\"6972\" style=\"animation-delay:0.3s\">\n\t\t<div class=\"w-grid-item-h\">\n\t\t\t\t\t\t\t<a class=\"w-grid-item-anchor\" href=\"https:\/\/construtorahema.com.br\/en\/wp-content\/uploads\/2022\/05\/AIR-LOUNGE-1024x916-1.jpg\" ref=\"magnificPopupGrid\" title=\"AIR-LOUNGE-1024&#215;916-1\"><\/a>\n\t\t\t\t\t\t<div class=\"w-post-elm post_image usg_post_image_1 stretched\"><img loading=\"lazy\" decoding=\"async\" width=\"1024\" height=\"916\" src=\"https:\/\/construtorahema.com.br\/en\/wp-content\/uploads\/2022\/05\/AIR-LOUNGE-1024x916-1.jpg\" class=\"attachment-full size-full\" alt=\"\" srcset=\"https:\/\/construtorahema.com.br\/en\/wp-content\/uploads\/2022\/05\/AIR-LOUNGE-1024x916-1.jpg 1024w, https:\/\/construtorahema.com.br\/en\/wp-content\/uploads\/2022\/05\/AIR-LOUNGE-1024x916-1-600x537.jpg 600w, https:\/\/construtorahema.com.br\/en\/wp-content\/uploads\/2022\/05\/AIR-LOUNGE-1024x916-1-300x268.jpg 300w, https:\/\/construtorahema.com.br\/en\/wp-content\/uploads\/2022\/05\/AIR-LOUNGE-1024x916-1-768x687.jpg 768w\" sizes=\"(max-width: 1024px) 100vw, 1024px\" \/><\/div>\t\t<\/div>\n\t<\/article>\n<\/div><div class=\"w-grid-preloader\"><div class=\"g-preloader type_1\">\n\t<div><\/div>\n<\/div>\n<\/div>\t\t<div class=\"g-loadmore  width_full\">\n\t\t\t<div class=\"g-preloader type_1\">\n\t\t\t\t<div><\/div>\n\t\t\t<\/div>\n\t\t\t<a class=\"w-btn us-btn-style_1\" href=\"javascript:void(0)\">\n\t\t\t\t<span class=\"w-btn-label\">Ver mais<\/span>\n\t\t\t<\/a>\n\t\t<\/div>\n\t\t\t<div class=\"w-grid-json hidden\" onclick='return {&quot;action&quot;:&quot;us_ajax_grid&quot;,&quot;ajax_url&quot;:&quot;https:\\\/\\\/construtorahema.com.br\\\/en\\\/wp-admin\\\/admin-ajax.php&quot;,&quot;infinite_scroll&quot;:0,&quot;max_num_pages&quot;:8,&quot;pagination&quot;:&quot;ajax&quot;,&quot;permalink_url&quot;:&quot;https:\\\/\\\/construtorahema.com.br\\\/en\\\/wp-json\\\/wp\\\/v2\\\/product\\\/6963&quot;,&quot;template_vars&quot;:{&quot;columns&quot;:&quot;2&quot;,&quot;exclude_items&quot;:&quot;none&quot;,&quot;img_size&quot;:&quot;full&quot;,&quot;ignore_items_size&quot;:false,&quot;items_layout&quot;:&quot;gallery_default&quot;,&quot;items_offset&quot;:&quot;1&quot;,&quot;load_animation&quot;:&quot;afc&quot;,&quot;overriding_link&quot;:&quot;popup_post_image&quot;,&quot;post_id&quot;:6963,&quot;query_args&quot;:{&quot;post_type&quot;:[&quot;attachment&quot;],&quot;post__in&quot;:[&quot;7001&quot;,&quot;7000&quot;,&quot;6999&quot;,&quot;6998&quot;,&quot;6997&quot;,&quot;6996&quot;,&quot;6995&quot;,&quot;6994&quot;,&quot;6986&quot;,&quot;6987&quot;,&quot;6988&quot;,&quot;6989&quot;,&quot;6990&quot;,&quot;6991&quot;,&quot;6992&quot;,&quot;6993&quot;,&quot;6985&quot;,&quot;6984&quot;,&quot;6983&quot;,&quot;6982&quot;,&quot;6981&quot;,&quot;6980&quot;,&quot;6979&quot;,&quot;6978&quot;,&quot;6977&quot;,&quot;6976&quot;,&quot;6975&quot;,&quot;6974&quot;,&quot;6973&quot;,&quot;6972&quot;,&quot;6971&quot;],&quot;post_status&quot;:&quot;inherit&quot;,&quot;post_mime_type&quot;:&quot;image&quot;,&quot;posts_per_page&quot;:&quot;4&quot;},&quot;orderby_query_args&quot;:{&quot;orderby&quot;:&quot;RAND(1989976354)&quot;},&quot;type&quot;:&quot;masonry&quot;,&quot;us_grid_ajax_index&quot;:1,&quot;us_grid_filter_params&quot;:null,&quot;us_grid_index&quot;:1,&quot;_us_grid_post_type&quot;:&quot;attachment&quot;}}'><\/div>\n\t<\/div><div class=\"w-separator size_medium\"><\/div><\/div><\/div><\/div><\/div><\/div><\/section><section class=\"l-section wpb_row height_auto width_full\" id=\"sabermais\"><div class=\"l-section-h i-cf\"><div class=\"g-cols vc_row via_flex valign_top type_boxes\"><div class=\"vc_col-sm-6 wpb_column vc_column_container\"><div class=\"vc_column-inner\"><div class=\"wpb_wrapper\"><div class=\"wpb_text_column\" id=\"sabermais\"><div class=\"wpb_wrapper\"><h3>Quer saber mais?<\/h3>\n<p>Preencha o formul\u00e1rio que entraremos em contato<\/p>\n\n<div class=\"wpcf7 no-js\" id=\"wpcf7-f6911-o1\" lang=\"pt-BR\" dir=\"ltr\">\n<div class=\"screen-reader-response\"><p role=\"status\" aria-live=\"polite\" aria-atomic=\"true\"><\/p> <ul><\/ul><\/div>\n<form action=\"\/en\/wp-json\/wp\/v2\/product\/6963#wpcf7-f6911-o1\" method=\"post\" class=\"wpcf7-form init\" aria-label=\"Formul\u00e1rios de contato\" novalidate=\"novalidate\" data-status=\"init\">\n<div style=\"display: none;\">\n<input type=\"hidden\" name=\"_wpcf7\" value=\"6911\" \/>\n<input type=\"hidden\" name=\"_wpcf7_version\" value=\"5.9.7\" \/>\n<input type=\"hidden\" name=\"_wpcf7_locale\" value=\"pt_BR\" \/>\n<input type=\"hidden\" name=\"_wpcf7_unit_tag\" value=\"wpcf7-f6911-o1\" \/>\n<input type=\"hidden\" name=\"_wpcf7_container_post\" value=\"0\" \/>\n<input type=\"hidden\" name=\"_wpcf7_posted_data_hash\" value=\"\" \/>\n<input type=\"hidden\" name=\"_wpcf7_recaptcha_response\" value=\"\" \/>\n<\/div>\n<p><label><br \/>\n<span class=\"wpcf7-form-control-wrap\" data-name=\"your-name\"><input size=\"40\" maxlength=\"400\" class=\"wpcf7-form-control wpcf7-text wpcf7-validates-as-required\" aria-required=\"true\" aria-invalid=\"false\" placeholder=\"Nome\" value=\"\" type=\"text\" name=\"your-name\" \/><\/span> <\/label><br \/>\n<label><br \/>\n<span class=\"wpcf7-form-control-wrap\" data-name=\"your-email\"><input size=\"40\" maxlength=\"400\" class=\"wpcf7-form-control wpcf7-email wpcf7-validates-as-required wpcf7-text wpcf7-validates-as-email\" aria-required=\"true\" aria-invalid=\"false\" placeholder=\"E-mail\" value=\"\" type=\"email\" name=\"your-email\" \/><\/span> <\/label><br \/>\n<label><br \/>\n<span class=\"wpcf7-form-control-wrap\" data-name=\"celular\"><input size=\"40\" maxlength=\"400\" class=\"wpcf7-form-control wpcf7-tel wpcf7-validates-as-required wpcf7-text wpcf7-validates-as-tel\" aria-required=\"true\" aria-invalid=\"false\" placeholder=\"Telefone (DDD) 00000-0000\" value=\"\" type=\"tel\" name=\"celular\" \/><\/span> <\/label><br \/>\n<label><br \/>\n<span class=\"wpcf7-form-control-wrap\" data-name=\"empreendimento\"><input size=\"40\" maxlength=\"400\" class=\"wpcf7-form-control wpcf7-text\" aria-invalid=\"false\" placeholder=\"Nome do im\u00f3vel de interesse\" value=\"\" type=\"text\" name=\"empreendimento\" \/><\/span> <\/label>\n<\/p>\n<p><input class=\"wpcf7-form-control wpcf7-submit has-spinner\" type=\"submit\" value=\"Saber Mais\" \/>\n<\/p><p style=\"display: none !important;\" class=\"akismet-fields-container\" data-prefix=\"_wpcf7_ak_\"><label>&#916;<textarea name=\"_wpcf7_ak_hp_textarea\" cols=\"45\" rows=\"8\" maxlength=\"100\"><\/textarea><\/label><input type=\"hidden\" id=\"ak_js_1\" name=\"_wpcf7_ak_js\" value=\"82\"\/><script>document.getElementById( \"ak_js_1\" ).setAttribute( \"value\", ( new Date() ).getTime() );<\/script><\/p><div class=\"wpcf7-response-output\" aria-hidden=\"true\"><\/div>\n<\/form>\n<\/div>\n\n<\/div><\/div><div class=\"w-actionbox color_primary controls_right\"><div class=\"w-actionbox-text\"><h5 class=\"w-actionbox-title\">ou Fale no Whatsapp<\/h5><div class=\"w-actionbox-description\"><p>Caso prefira voc\u00ea pode entrar em contato diretamente pelo nosso Whatsapp.<\/p>\n<\/div><\/div><div class=\"w-actionbox-controls\"><a class=\"w-btn us-btn-style_2\" target=\"_blank\" href=\"https:\/\/api.whatsapp.com\/send?phone=5583988227733&amp;text=Ol\u00e1, gostaria de saber mais informa\u00e7\u00f5es a respeito do im\u00f3vel:\" rel=\"noopener\"><span class=\"w-btn-label\">Clique Aqui<\/span><\/a><\/div><\/div><\/div><\/div><\/div><div class=\"vc_col-sm-6 wpb_column vc_column_container\"><div class=\"vc_column-inner\"><div class=\"wpb_wrapper\"><div class=\"w-separator size_medium\"><\/div><div class=\"w-separator size_small with_line width_default thick_1 style_solid color_primary align_left with_text with_content\"><div class=\"w-separator-h\"><h3 class=\"w-separator-text\"><span>Localiza\u00e7\u00e3o<\/span><\/h3><\/div><\/div><div class=\"wpb_text_column\"><div class=\"wpb_wrapper\"><p><a href=\"http:\/\/iframe%20src=https:\/\/www.google.com\/maps\/embed?pb=!1m18!1m12!1m3!1d3958.9459006290435!2d-34.82399808560238!3d-7.132254694849808!2m3!1f0!2f0!3f0!3m2!1i1024!2i768!4f13.1!3m3!1m2!1s0x7acc3fd2997ba25%3A0x5d5472a1681eca7!2sCondom%C3%ADnio%20residencial%20NAI!5e0!3m2!1spt-BR!2sbr!4v1654103527565!5m2!1spt-BR!2sbr%20width=600%20height=450%20style=border:0;%20allowfullscreen=%20loading=lazy%20referrerpolicy=no-referrer-when-downgrade\/iframe\">http:\/\/<iframe loading=\"lazy\" style=\"border: 0;\" src=\"https:\/\/www.google.com\/maps\/embed?pb=!1m18!1m12!1m3!1d3958.9459006290435!2d-34.82399808560238!3d-7.132254694849808!2m3!1f0!2f0!3f0!3m2!1i1024!2i768!4f13.1!3m3!1m2!1s0x7acc3fd2997ba25%3A0x5d5472a1681eca7!2sCondom%C3%ADnio%20residencial%20NAI!5e0!3m2!1spt-BR!2sbr!4v1654103527565!5m2!1spt-BR!2sbr\" width=\"600\" height=\"450\" allowfullscreen=\"allowfullscreen\"><\/iframe><\/a><\/p>\n<\/div><\/div><\/div><\/div><\/div><\/div><\/div><\/section>\n","protected":false},"excerpt":{"rendered":"","protected":false},"featured_media":6973,"comment_status":"open","ping_status":"closed","template":"","meta":{"_acf_changed":false},"product_cat":[55,78],"product_tag":[],"class_list":{"0":"post-6963","1":"product","2":"type-product","3":"status-publish","4":"has-post-thumbnail","6":"product_cat-all","7":"product_cat-sale","9":"first","10":"instock","11":"shipping-taxable","12":"product-type-simple"},"acf":[],"_links":{"self":[{"href":"https:\/\/construtorahema.com.br\/en\/wp-json\/wp\/v2\/product\/6963"}],"collection":[{"href":"https:\/\/construtorahema.com.br\/en\/wp-json\/wp\/v2\/product"}],"about":[{"href":"https:\/\/construtorahema.com.br\/en\/wp-json\/wp\/v2\/types\/product"}],"replies":[{"embeddable":true,"href":"https:\/\/construtorahema.com.br\/en\/wp-json\/wp\/v2\/comments?post=6963"}],"wp:featuredmedia":[{"embeddable":true,"href":"https:\/\/construtorahema.com.br\/en\/wp-json\/wp\/v2\/media\/6973"}],"wp:attachment":[{"href":"https:\/\/construtorahema.com.br\/en\/wp-json\/wp\/v2\/media?parent=6963"}],"wp:term":[{"taxonomy":"product_cat","embeddable":true,"href":"https:\/\/construtorahema.com.br\/en\/wp-json\/wp\/v2\/product_cat?post=6963"},{"taxonomy":"product_tag","embeddable":true,"href":"https:\/\/construtorahema.com.br\/en\/wp-json\/wp\/v2\/product_tag?post=6963"}],"curies":[{"name":"wp","href":"https:\/\/api.w.org\/{rel}","templated":true}]}}