{"id":6840,"date":"2022-04-26T17:22:04","date_gmt":"2022-04-26T20:22:04","guid":{"rendered":"https:\/\/construtorahema.com.br\/novo\/?post_type=product&#038;p=6840"},"modified":"2022-12-19T09:46:03","modified_gmt":"2022-12-19T12:46:03","slug":"golden-flat","status":"publish","type":"product","link":"https:\/\/construtorahema.com.br\/en\/produto\/golden-flat\/","title":{"rendered":"Golden Flat"},"content":{"rendered":"<section class=\"l-section wpb_row height_medium\"><div class=\"l-section-h i-cf\"><div class=\"g-cols vc_row via_flex valign_top type_default\"><div class=\"vc_col-sm-12 wpb_column vc_column_container\"><div class=\"vc_column-inner\"><div class=\"wpb_wrapper\"><div class=\"wpb_text_column\"><div class=\"wpb_wrapper\"><h4 style=\"text-align: left;\">GOLDEN FLAT<\/h4>\n<\/div><\/div><div class=\"w-separator size_small with_line width_default thick_1 style_solid color_primary align_center\"><div class=\"w-separator-h\"><\/div><\/div><div class=\"g-cols wpb_row via_flex valign_top type_default\"><div class=\"vc_col-sm-4 wpb_column vc_column_container\"><div class=\"vc_column-inner\"><div class=\"wpb_wrapper\"><div class=\"w-iconbox iconpos_left style_default color_primary align_left no_text\"><div class=\"w-iconbox-icon\" style=\"font-size:2rem;\"><i class=\"fal fa-bed\"><\/i><\/div><div class=\"w-iconbox-meta\"><p class=\"w-iconbox-title\">01 e 02 Quartos<\/p><\/div><\/div><div class=\"w-separator size_small\"><\/div><div class=\"w-iconbox iconpos_left style_default color_primary align_left no_text\"><div class=\"w-iconbox-icon\" style=\"font-size:2rem;\"><i class=\"fal fa-hat-chef\"><\/i><\/div><div class=\"w-iconbox-meta\"><p class=\"w-iconbox-title\">Cozinha Americana<\/p><\/div><\/div><div class=\"w-separator size_small\"><\/div><div class=\"w-iconbox iconpos_left style_default color_primary align_left no_text\"><div class=\"w-iconbox-icon\" style=\"font-size:2rem;\"><i class=\"fal fa-car\"><\/i><\/div><div class=\"w-iconbox-meta\"><p class=\"w-iconbox-title\">01 Vaga de Garagem<\/p><\/div><\/div><div class=\"w-separator size_small\"><\/div><div class=\"w-iconbox iconpos_left style_default color_primary align_left no_text\"><div class=\"w-iconbox-icon\" style=\"font-size:2rem;\"><i class=\"fal fa-lamp\"><\/i><\/div><div class=\"w-iconbox-meta\"><p class=\"w-iconbox-title\">Mobiliado<\/p><\/div><\/div><div class=\"w-separator size_small\"><\/div><div class=\"w-iconbox iconpos_left style_default color_primary align_left no_text\"><div class=\"w-iconbox-icon\" style=\"font-size:2rem;\"><i class=\"fal fa-glass-cheers\"><\/i><\/div><div class=\"w-iconbox-meta\"><p class=\"w-iconbox-title\">Sal\u00e3o de Festas<\/p><\/div><\/div><div class=\"w-separator size_small\"><\/div><div class=\"w-iconbox iconpos_left style_default color_primary align_left no_text\"><div class=\"w-iconbox-icon\" style=\"font-size:2rem;\"><i class=\"fal fa-sort-circle\"><\/i><\/div><div class=\"w-iconbox-meta\"><p class=\"w-iconbox-title\">04 Elevadores<\/p><\/div><\/div><div class=\"w-separator size_small\"><\/div><div class=\"w-iconbox iconpos_left style_default color_primary align_left no_text\"><div class=\"w-iconbox-icon\" style=\"font-size:2rem;\"><i class=\"fal fa-kaaba\"><\/i><\/div><div class=\"w-iconbox-meta\"><p class=\"w-iconbox-title\">Solarium<\/p><\/div><\/div><div class=\"w-separator size_small\"><\/div><div class=\"w-iconbox iconpos_left style_default color_primary align_left no_text\"><div class=\"w-iconbox-icon\" style=\"font-size:2rem;\"><i class=\"fal fa-concierge-bell\"><\/i><\/div><div class=\"w-iconbox-meta\"><p class=\"w-iconbox-title\">Recep\u00e7\u00e3o<\/p><\/div><\/div><\/div><\/div><\/div><div class=\"vc_col-sm-8 wpb_column vc_column_container\"><div class=\"vc_column-inner\"><div class=\"wpb_wrapper\"><div class=\"wpb_text_column\"><div class=\"wpb_wrapper\"><p>Apartamentos com sala de estar\/jantar, 01 e 02 quarto(s), WC revers\u00edvel, cozinha americana, \u00e1rea de servi\u00e7o, e 01 vaga de garagem. Edif\u00edcio com sal\u00e3o de festa, 04 elevadores, solarium e recep\u00e7\u00e3o. PRONTO PARA MORAR!<\/p>\n<p><strong>\u00c1rea<\/strong><br \/>\nDe 46,76 e 58,13m\u00b2<\/p>\n<p><strong>Endere\u00e7o<\/strong><br \/>\nRua Juvenal M\u00e1rio da Silva, n\u00ba168 &#8211; Mana\u00edra.<br \/>\n(Por tr\u00e1s do Mag Shopping)<\/p>\n<p><strong>Valores:<\/strong><\/p>\n<\/div><\/div><div class=\"w-btn-wrapper align_none\"><a class=\"w-btn us-btn-style_3 icon_atleft\" target=\"_blank\" href=\"https:\/\/drive.google.com\/drive\/folders\/1QDakH4J-kMyOKqagLL80cOtzzCWo-b0h?usp=sharing\" rel=\"noopener\"><i class=\"fas fa-table\"><\/i><span class=\"w-btn-label\">CONFERIR TABELA DE VALORES<\/span><\/a><\/div><\/div><\/div><\/div><\/div><div class=\"w-separator size_small with_line width_default thick_1 style_solid color_primary align_center\"><div class=\"w-separator-h\"><\/div><\/div><div class=\"w-btn-wrapper width_full\"><a class=\"w-btn us-btn-style_1\" href=\"#sabermais\"><span class=\"w-btn-label\">TENHO INTERESSE<\/span><\/a><\/div><\/div><\/div><\/div><\/div><\/div><\/section><section class=\"l-section wpb_row height_medium\"><div class=\"l-section-h i-cf\"><div class=\"g-cols vc_row via_flex valign_top type_default\"><div class=\"vc_col-sm-12 wpb_column vc_column_container\"><div class=\"vc_column-inner\"><div class=\"wpb_wrapper\"><div class=\"w-separator size_medium\"><\/div><div class=\"w-grid type_masonry layout_gallery_default cols_2 with_isotope with_css_animation\" id=\"us_grid_1\" data-filterable=\"true\"><style>#us_grid_1 .w-grid-item{padding:5px}#us_grid_1 .w-grid-list{margin:-5px -5px 5px}.w-grid + #us_grid_1 .w-grid-list,.w-grid-none + #us_grid_1 .w-grid-list{margin-top:5px}@media (max-width:599px){#us_grid_1 .w-grid-list{margin:0}#us_grid_1 .w-grid-item{width:100%;padding:0;margin-bottom:5px}}.layout_gallery_default .w-grid-item-h{}<\/style><div class=\"w-grid-list\">\t<article class=\"w-grid-item us_animate_afc off_autostart post-6844 attachment type-attachment status-inherit hentry\" data-id=\"6844\" style=\"animation-delay:0s\">\n\t\t<div class=\"w-grid-item-h\">\n\t\t\t\t\t\t\t<a class=\"w-grid-item-anchor\" href=\"https:\/\/construtorahema.com.br\/en\/wp-content\/uploads\/2022\/04\/5ed53279-6e03-4a2c-899e-bd9d18469855.jpg\" ref=\"magnificPopupGrid\" title=\"5ed53279-6e03-4a2c-899e-bd9d18469855\"><\/a>\n\t\t\t\t\t\t<div class=\"w-post-elm post_image usg_post_image_1 stretched\"><img loading=\"lazy\" decoding=\"async\" width=\"1280\" height=\"960\" src=\"https:\/\/construtorahema.com.br\/en\/wp-content\/uploads\/2022\/04\/5ed53279-6e03-4a2c-899e-bd9d18469855.jpg\" class=\"attachment-full size-full\" alt=\"\" srcset=\"https:\/\/construtorahema.com.br\/en\/wp-content\/uploads\/2022\/04\/5ed53279-6e03-4a2c-899e-bd9d18469855.jpg 1280w, https:\/\/construtorahema.com.br\/en\/wp-content\/uploads\/2022\/04\/5ed53279-6e03-4a2c-899e-bd9d18469855-600x450.jpg 600w, https:\/\/construtorahema.com.br\/en\/wp-content\/uploads\/2022\/04\/5ed53279-6e03-4a2c-899e-bd9d18469855-300x225.jpg 300w, https:\/\/construtorahema.com.br\/en\/wp-content\/uploads\/2022\/04\/5ed53279-6e03-4a2c-899e-bd9d18469855-1024x768.jpg 1024w, https:\/\/construtorahema.com.br\/en\/wp-content\/uploads\/2022\/04\/5ed53279-6e03-4a2c-899e-bd9d18469855-768x576.jpg 768w\" sizes=\"(max-width: 1280px) 100vw, 1280px\" \/><\/div>\t\t<\/div>\n\t<\/article>\n\t<article class=\"w-grid-item us_animate_afc off_autostart post-6847 attachment type-attachment status-inherit hentry\" data-id=\"6847\" style=\"animation-delay:0.1s\">\n\t\t<div class=\"w-grid-item-h\">\n\t\t\t\t\t\t\t<a class=\"w-grid-item-anchor\" href=\"https:\/\/construtorahema.com.br\/en\/wp-content\/uploads\/2022\/04\/26579329-db02-47c7-8144-caacde739d3a.jpg\" ref=\"magnificPopupGrid\" title=\"26579329-db02-47c7-8144-caacde739d3a\"><\/a>\n\t\t\t\t\t\t<div class=\"w-post-elm post_image usg_post_image_1 stretched\"><img loading=\"lazy\" decoding=\"async\" width=\"953\" height=\"706\" src=\"https:\/\/construtorahema.com.br\/en\/wp-content\/uploads\/2022\/04\/26579329-db02-47c7-8144-caacde739d3a.jpg\" class=\"attachment-full size-full\" alt=\"\" srcset=\"https:\/\/construtorahema.com.br\/en\/wp-content\/uploads\/2022\/04\/26579329-db02-47c7-8144-caacde739d3a.jpg 953w, https:\/\/construtorahema.com.br\/en\/wp-content\/uploads\/2022\/04\/26579329-db02-47c7-8144-caacde739d3a-600x444.jpg 600w, https:\/\/construtorahema.com.br\/en\/wp-content\/uploads\/2022\/04\/26579329-db02-47c7-8144-caacde739d3a-300x222.jpg 300w, https:\/\/construtorahema.com.br\/en\/wp-content\/uploads\/2022\/04\/26579329-db02-47c7-8144-caacde739d3a-768x569.jpg 768w\" sizes=\"(max-width: 953px) 100vw, 953px\" \/><\/div>\t\t<\/div>\n\t<\/article>\n\t<article class=\"w-grid-item us_animate_afc off_autostart post-6842 attachment type-attachment status-inherit hentry\" data-id=\"6842\" style=\"animation-delay:0.2s\">\n\t\t<div class=\"w-grid-item-h\">\n\t\t\t\t\t\t\t<a class=\"w-grid-item-anchor\" href=\"https:\/\/construtorahema.com.br\/en\/wp-content\/uploads\/2022\/04\/3c59658d-84e1-49f2-9835-f2305c63cb08.jpg\" ref=\"magnificPopupGrid\" title=\"3c59658d-84e1-49f2-9835-f2305c63cb08\"><\/a>\n\t\t\t\t\t\t<div class=\"w-post-elm post_image usg_post_image_1 stretched\"><img loading=\"lazy\" decoding=\"async\" width=\"955\" height=\"660\" src=\"https:\/\/construtorahema.com.br\/en\/wp-content\/uploads\/2022\/04\/3c59658d-84e1-49f2-9835-f2305c63cb08.jpg\" class=\"attachment-full size-full\" alt=\"\" srcset=\"https:\/\/construtorahema.com.br\/en\/wp-content\/uploads\/2022\/04\/3c59658d-84e1-49f2-9835-f2305c63cb08.jpg 955w, https:\/\/construtorahema.com.br\/en\/wp-content\/uploads\/2022\/04\/3c59658d-84e1-49f2-9835-f2305c63cb08-600x415.jpg 600w, https:\/\/construtorahema.com.br\/en\/wp-content\/uploads\/2022\/04\/3c59658d-84e1-49f2-9835-f2305c63cb08-300x207.jpg 300w, https:\/\/construtorahema.com.br\/en\/wp-content\/uploads\/2022\/04\/3c59658d-84e1-49f2-9835-f2305c63cb08-768x531.jpg 768w\" sizes=\"(max-width: 955px) 100vw, 955px\" \/><\/div>\t\t<\/div>\n\t<\/article>\n\t<article class=\"w-grid-item us_animate_afc off_autostart post-6846 attachment type-attachment status-inherit hentry\" data-id=\"6846\" style=\"animation-delay:0.3s\">\n\t\t<div class=\"w-grid-item-h\">\n\t\t\t\t\t\t\t<a class=\"w-grid-item-anchor\" href=\"https:\/\/construtorahema.com.br\/en\/wp-content\/uploads\/2022\/04\/87e6530a-10c6-4638-8662-ca8b36e0e404.jpg\" ref=\"magnificPopupGrid\" title=\"87e6530a-10c6-4638-8662-ca8b36e0e404\"><\/a>\n\t\t\t\t\t\t<div class=\"w-post-elm post_image usg_post_image_1 stretched\"><img loading=\"lazy\" decoding=\"async\" width=\"960\" height=\"1280\" src=\"https:\/\/construtorahema.com.br\/en\/wp-content\/uploads\/2022\/04\/87e6530a-10c6-4638-8662-ca8b36e0e404.jpg\" class=\"attachment-full size-full\" alt=\"\" srcset=\"https:\/\/construtorahema.com.br\/en\/wp-content\/uploads\/2022\/04\/87e6530a-10c6-4638-8662-ca8b36e0e404.jpg 960w, https:\/\/construtorahema.com.br\/en\/wp-content\/uploads\/2022\/04\/87e6530a-10c6-4638-8662-ca8b36e0e404-600x800.jpg 600w, https:\/\/construtorahema.com.br\/en\/wp-content\/uploads\/2022\/04\/87e6530a-10c6-4638-8662-ca8b36e0e404-225x300.jpg 225w, https:\/\/construtorahema.com.br\/en\/wp-content\/uploads\/2022\/04\/87e6530a-10c6-4638-8662-ca8b36e0e404-768x1024.jpg 768w\" sizes=\"(max-width: 960px) 100vw, 960px\" \/><\/div>\t\t<\/div>\n\t<\/article>\n<\/div><div class=\"w-grid-preloader\"><div class=\"g-preloader type_1\">\n\t<div><\/div>\n<\/div>\n<\/div>\t\t<div class=\"g-loadmore  width_full\">\n\t\t\t<div class=\"g-preloader type_1\">\n\t\t\t\t<div><\/div>\n\t\t\t<\/div>\n\t\t\t<a class=\"w-btn us-btn-style_1\" href=\"javascript:void(0)\">\n\t\t\t\t<span class=\"w-btn-label\">Ver mais<\/span>\n\t\t\t<\/a>\n\t\t<\/div>\n\t\t\t<div class=\"w-grid-json hidden\" onclick='return {&quot;action&quot;:&quot;us_ajax_grid&quot;,&quot;ajax_url&quot;:&quot;https:\\\/\\\/construtorahema.com.br\\\/en\\\/wp-admin\\\/admin-ajax.php&quot;,&quot;infinite_scroll&quot;:0,&quot;max_num_pages&quot;:3,&quot;pagination&quot;:&quot;ajax&quot;,&quot;permalink_url&quot;:&quot;https:\\\/\\\/construtorahema.com.br\\\/en\\\/wp-json\\\/wp\\\/v2\\\/product\\\/6840&quot;,&quot;template_vars&quot;:{&quot;columns&quot;:&quot;2&quot;,&quot;exclude_items&quot;:&quot;none&quot;,&quot;img_size&quot;:&quot;full&quot;,&quot;ignore_items_size&quot;:false,&quot;items_layout&quot;:&quot;gallery_default&quot;,&quot;items_offset&quot;:&quot;1&quot;,&quot;load_animation&quot;:&quot;afc&quot;,&quot;overriding_link&quot;:&quot;popup_post_image&quot;,&quot;post_id&quot;:6840,&quot;query_args&quot;:{&quot;post_type&quot;:[&quot;attachment&quot;],&quot;post__in&quot;:[&quot;6850&quot;,&quot;6849&quot;,&quot;6848&quot;,&quot;6847&quot;,&quot;6846&quot;,&quot;6845&quot;,&quot;6844&quot;,&quot;6843&quot;,&quot;6842&quot;],&quot;post_status&quot;:&quot;inherit&quot;,&quot;post_mime_type&quot;:&quot;image&quot;,&quot;posts_per_page&quot;:&quot;4&quot;},&quot;orderby_query_args&quot;:{&quot;orderby&quot;:&quot;RAND(1754724478)&quot;},&quot;type&quot;:&quot;masonry&quot;,&quot;us_grid_ajax_index&quot;:1,&quot;us_grid_filter_params&quot;:null,&quot;us_grid_index&quot;:1,&quot;_us_grid_post_type&quot;:&quot;attachment&quot;}}'><\/div>\n\t<\/div><div class=\"w-separator size_medium\"><\/div><\/div><\/div><\/div><\/div><\/div><\/section><section class=\"l-section wpb_row height_auto width_full\" id=\"sabermais\"><div class=\"l-section-h i-cf\"><div class=\"g-cols vc_row via_flex valign_top type_boxes\"><div class=\"vc_col-sm-6 wpb_column vc_column_container\"><div class=\"vc_column-inner\"><div class=\"wpb_wrapper\"><div class=\"wpb_text_column\" id=\"sabermais\"><div class=\"wpb_wrapper\"><h3>Quer saber mais?<\/h3>\n<p>Preencha o formul\u00e1rio que entraremos em contato<\/p>\n\n<div class=\"wpcf7 no-js\" id=\"wpcf7-f6911-o1\" lang=\"pt-BR\" dir=\"ltr\">\n<div class=\"screen-reader-response\"><p role=\"status\" aria-live=\"polite\" aria-atomic=\"true\"><\/p> <ul><\/ul><\/div>\n<form action=\"\/en\/wp-json\/wp\/v2\/product\/6840#wpcf7-f6911-o1\" method=\"post\" class=\"wpcf7-form init\" aria-label=\"Formul\u00e1rios de contato\" novalidate=\"novalidate\" data-status=\"init\">\n<div style=\"display: none;\">\n<input type=\"hidden\" name=\"_wpcf7\" value=\"6911\" \/>\n<input type=\"hidden\" name=\"_wpcf7_version\" value=\"5.9.7\" \/>\n<input type=\"hidden\" name=\"_wpcf7_locale\" value=\"pt_BR\" \/>\n<input type=\"hidden\" name=\"_wpcf7_unit_tag\" value=\"wpcf7-f6911-o1\" \/>\n<input type=\"hidden\" name=\"_wpcf7_container_post\" value=\"0\" \/>\n<input type=\"hidden\" name=\"_wpcf7_posted_data_hash\" value=\"\" \/>\n<input type=\"hidden\" name=\"_wpcf7_recaptcha_response\" value=\"\" \/>\n<\/div>\n<p><label><br \/>\n<span class=\"wpcf7-form-control-wrap\" data-name=\"your-name\"><input size=\"40\" maxlength=\"400\" class=\"wpcf7-form-control wpcf7-text wpcf7-validates-as-required\" aria-required=\"true\" aria-invalid=\"false\" placeholder=\"Nome\" value=\"\" type=\"text\" name=\"your-name\" \/><\/span> <\/label><br \/>\n<label><br \/>\n<span class=\"wpcf7-form-control-wrap\" data-name=\"your-email\"><input size=\"40\" maxlength=\"400\" class=\"wpcf7-form-control wpcf7-email wpcf7-validates-as-required wpcf7-text wpcf7-validates-as-email\" aria-required=\"true\" aria-invalid=\"false\" placeholder=\"E-mail\" value=\"\" type=\"email\" name=\"your-email\" \/><\/span> <\/label><br \/>\n<label><br \/>\n<span class=\"wpcf7-form-control-wrap\" data-name=\"celular\"><input size=\"40\" maxlength=\"400\" class=\"wpcf7-form-control wpcf7-tel wpcf7-validates-as-required wpcf7-text wpcf7-validates-as-tel\" aria-required=\"true\" aria-invalid=\"false\" placeholder=\"Telefone (DDD) 00000-0000\" value=\"\" type=\"tel\" name=\"celular\" \/><\/span> <\/label><br \/>\n<label><br \/>\n<span class=\"wpcf7-form-control-wrap\" data-name=\"empreendimento\"><input size=\"40\" maxlength=\"400\" class=\"wpcf7-form-control wpcf7-text\" aria-invalid=\"false\" placeholder=\"Nome do im\u00f3vel de interesse\" value=\"\" type=\"text\" name=\"empreendimento\" \/><\/span> <\/label>\n<\/p>\n<p><input class=\"wpcf7-form-control wpcf7-submit has-spinner\" type=\"submit\" value=\"Saber Mais\" \/>\n<\/p><p style=\"display: none !important;\" class=\"akismet-fields-container\" data-prefix=\"_wpcf7_ak_\"><label>&#916;<textarea name=\"_wpcf7_ak_hp_textarea\" cols=\"45\" rows=\"8\" maxlength=\"100\"><\/textarea><\/label><input type=\"hidden\" id=\"ak_js_1\" name=\"_wpcf7_ak_js\" value=\"210\"\/><script>document.getElementById( \"ak_js_1\" ).setAttribute( \"value\", ( new Date() ).getTime() );<\/script><\/p><div class=\"wpcf7-response-output\" aria-hidden=\"true\"><\/div>\n<\/form>\n<\/div>\n\n<\/div><\/div><div class=\"w-actionbox color_primary controls_right\"><div class=\"w-actionbox-text\"><h5 class=\"w-actionbox-title\">ou Fale no Whatsapp<\/h5><div class=\"w-actionbox-description\"><p>Caso prefira voc\u00ea pode entrar em contato diretamente pelo nosso Whatsapp.<\/p>\n<\/div><\/div><div class=\"w-actionbox-controls\"><a class=\"w-btn us-btn-style_2\" target=\"_blank\" href=\"https:\/\/api.whatsapp.com\/send?phone=5583988227733&amp;text=Ol\u00e1, gostaria de saber mais informa\u00e7\u00f5es a respeito do im\u00f3vel:\" rel=\"noopener\"><span class=\"w-btn-label\">Clique Aqui<\/span><\/a><\/div><\/div><\/div><\/div><\/div><div class=\"vc_col-sm-6 wpb_column vc_column_container\"><div class=\"vc_column-inner\"><div class=\"wpb_wrapper\"><div class=\"w-separator size_medium\"><\/div><div class=\"w-separator size_small with_line width_default thick_1 style_solid color_primary align_left with_text with_content\"><div class=\"w-separator-h\"><h3 class=\"w-separator-text\"><span>Localiza\u00e7\u00e3o<\/span><\/h3><\/div><\/div><div class=\"wpb_text_column\"><div class=\"wpb_wrapper\"><p><iframe loading=\"lazy\" style=\"border: 0;\" src=\"https:\/\/www.google.com\/maps\/embed?pb=!1m14!1m8!1m3!1d1979.6209543935254!2d-34.83471097420502!3d-7.097935909936511!3m2!1i1024!2i768!4f13.1!3m3!1m2!1s0x0%3A0xfed0e73089370a6f!2sResidencial%20Golden%20Flat!5e0!3m2!1spt-BR!2sbr!4v1650896300753!5m2!1spt-BR!2sbr\" width=\"100%\" height=\"450\" allowfullscreen=\"allowfullscreen\" data-mce-fragment=\"1\"><\/iframe><\/p>\n<\/div><\/div><\/div><\/div><\/div><\/div><\/div><\/section>\n","protected":false},"excerpt":{"rendered":"","protected":false},"featured_media":6842,"comment_status":"open","ping_status":"closed","template":"","meta":{"_acf_changed":false},"product_cat":[55,85,78],"product_tag":[],"class_list":{"0":"post-6840","1":"product","2":"type-product","3":"status-publish","4":"has-post-thumbnail","6":"product_cat-all","7":"product_cat-rental","8":"product_cat-sale","10":"first","11":"instock","12":"shipping-taxable","13":"product-type-simple"},"acf":[],"_links":{"self":[{"href":"https:\/\/construtorahema.com.br\/en\/wp-json\/wp\/v2\/product\/6840"}],"collection":[{"href":"https:\/\/construtorahema.com.br\/en\/wp-json\/wp\/v2\/product"}],"about":[{"href":"https:\/\/construtorahema.com.br\/en\/wp-json\/wp\/v2\/types\/product"}],"replies":[{"embeddable":true,"href":"https:\/\/construtorahema.com.br\/en\/wp-json\/wp\/v2\/comments?post=6840"}],"wp:featuredmedia":[{"embeddable":true,"href":"https:\/\/construtorahema.com.br\/en\/wp-json\/wp\/v2\/media\/6842"}],"wp:attachment":[{"href":"https:\/\/construtorahema.com.br\/en\/wp-json\/wp\/v2\/media?parent=6840"}],"wp:term":[{"taxonomy":"product_cat","embeddable":true,"href":"https:\/\/construtorahema.com.br\/en\/wp-json\/wp\/v2\/product_cat?post=6840"},{"taxonomy":"product_tag","embeddable":true,"href":"https:\/\/construtorahema.com.br\/en\/wp-json\/wp\/v2\/product_tag?post=6840"}],"curies":[{"name":"wp","href":"https:\/\/api.w.org\/{rel}","templated":true}]}}