{"id":6648,"date":"2022-04-15T12:43:14","date_gmt":"2022-04-15T15:43:14","guid":{"rendered":"https:\/\/construtorahema.com.br\/novo\/?page_id=6648"},"modified":"2024-07-23T11:37:20","modified_gmt":"2024-07-23T14:37:20","slug":"imobiliaria","status":"publish","type":"page","link":"https:\/\/construtorahema.com.br\/en\/imobiliaria\/","title":{"rendered":"Imobili\u00e1ria"},"content":{"rendered":"<section class=\"l-section wpb_row height_medium\"><div class=\"l-section-h i-cf\"><div class=\"g-cols vc_row via_flex valign_top type_default\"><div class=\"vc_col-sm-12 wpb_column vc_column_container\"><div class=\"vc_column-inner\"><div class=\"wpb_wrapper\"><div class=\"wpb_text_column\"><div class=\"wpb_wrapper\"><h1>Real Estate<\/h1>\n<\/div><\/div><div class=\"w-separator size_small\"><\/div><div class=\"wpb_text_column\"><div class=\"wpb_wrapper\"><p>Individual Properties<\/p>\n<\/div><\/div><div class=\"w-separator size_small\"><\/div><form class=\"w-filter state_desktop layout_hor items_1 style_drop_default align_none show_on_hover hide_item_title\" action onsubmit=\"return false;\" onclick='return {&quot;assignedGrid&quot;:&quot;&quot;,&quot;filterPrefix&quot;:&quot;filter&quot;,&quot;hideDisabledValues&quot;:false,&quot;layout&quot;:&quot;hor&quot;,&quot;mobileWidth&quot;:600,&quot;gridNotFoundMessage&quot;:&quot;Nothing to filter. Add a suitable Grid to this page.&quot;}'><div class=\"w-filter-list\"><div class=\"w-filter-list-title\">Filtros<\/div><a class=\"w-filter-list-closer\" href=\"javascript:void(0);\" title=\"Fechar\"><\/a><div class=\"w-filter-item\" data-source=\"tax|product_cat\" data-ui_type=\"checkbox\"><a class=\"w-filter-item-title\" href=\"javascript:void(0);\">To choose<span><\/span><\/a><a class=\"w-filter-item-reset\" href=\"javascript:void(0);\" title=\"Redefinir\"><span>Redefinir<\/span><\/a><div class=\"w-filter-item-values\" data-maxheight=\"40vh\" style=\"max-height:40vh\"><a class=\"w-filter-item-value\" data-item-amount=\"2\" href=\"javascript:void(0);\" tabindex=\"-1\"><label><input class=\"screen-reader-text\" aria-hidden=\"true\" type=\"checkbox\" value=\"all\" name=\"filter_product_cat\"><span class=\"w-form-checkbox\"><\/span><span class=\"w-filter-item-value-label\">All<\/span><\/label><\/a><a class=\"w-filter-item-value\" data-item-amount=\"1\" href=\"javascript:void(0);\" tabindex=\"-1\"><label><input class=\"screen-reader-text\" aria-hidden=\"true\" type=\"checkbox\" value=\"rental\" name=\"filter_product_cat\"><span class=\"w-form-checkbox\"><\/span><span class=\"w-filter-item-value-label\">Rental<\/span><\/label><\/a><a class=\"w-filter-item-value\" data-item-amount=\"2\" href=\"javascript:void(0);\" tabindex=\"-1\"><label><input class=\"screen-reader-text\" aria-hidden=\"true\" type=\"checkbox\" value=\"sale\" name=\"filter_product_cat\"><span class=\"w-form-checkbox\"><\/span><span class=\"w-filter-item-value-label\">Sale<\/span><\/label><\/a><\/div><\/div><\/div><div class=\"w-filter-list-panel\"><a class=\"w-btn us-btn-style_1\" href=\"javascript:void(0);\"><span class=\"w-btn-label\">Aplicar<\/span><\/a><\/div><style>@media( max-width:600px ){.w-filter.state_desktop .w-filter-list,.w-filter-item-title>span{display:none}.w-filter-opener{display:inline-block}}<\/style><a class=\"w-filter-opener\" href=\"javascript:void(0);\"><span>Filtros<\/span><\/a><div class=\"w-filter-json-filters-args hidden\" onclick='return {&quot;taxonomies_query_args&quot;:{&quot;tax|product_cat&quot;:{&quot;all&quot;:{&quot;fields&quot;:&quot;ids&quot;,&quot;nopaging&quot;:true,&quot;post_status&quot;:[&quot;publish&quot;,&quot;acf-disabled&quot;,&quot;tribe-ea-success&quot;,&quot;tribe-ea-failed&quot;,&quot;tribe-ea-schedule&quot;,&quot;tribe-ea-pending&quot;,&quot;tribe-ea-draft&quot;,&quot;inherit&quot;],&quot;post_type&quot;:&quot;product&quot;,&quot;posts_per_page&quot;:1,&quot;suppress_filters&quot;:true,&quot;tax_query&quot;:[{&quot;taxonomy&quot;:&quot;product_cat&quot;,&quot;field&quot;:&quot;slug&quot;,&quot;terms&quot;:&quot;all&quot;}]},&quot;rental&quot;:{&quot;fields&quot;:&quot;ids&quot;,&quot;nopaging&quot;:true,&quot;post_status&quot;:[&quot;publish&quot;,&quot;acf-disabled&quot;,&quot;tribe-ea-success&quot;,&quot;tribe-ea-failed&quot;,&quot;tribe-ea-schedule&quot;,&quot;tribe-ea-pending&quot;,&quot;tribe-ea-draft&quot;,&quot;inherit&quot;],&quot;post_type&quot;:&quot;product&quot;,&quot;posts_per_page&quot;:1,&quot;suppress_filters&quot;:true,&quot;tax_query&quot;:[{&quot;taxonomy&quot;:&quot;product_cat&quot;,&quot;field&quot;:&quot;slug&quot;,&quot;terms&quot;:&quot;rental&quot;}]},&quot;sale&quot;:{&quot;fields&quot;:&quot;ids&quot;,&quot;nopaging&quot;:true,&quot;post_status&quot;:[&quot;publish&quot;,&quot;acf-disabled&quot;,&quot;tribe-ea-success&quot;,&quot;tribe-ea-failed&quot;,&quot;tribe-ea-schedule&quot;,&quot;tribe-ea-pending&quot;,&quot;tribe-ea-draft&quot;,&quot;inherit&quot;],&quot;post_type&quot;:&quot;product&quot;,&quot;posts_per_page&quot;:1,&quot;suppress_filters&quot;:true,&quot;tax_query&quot;:[{&quot;taxonomy&quot;:&quot;product_cat&quot;,&quot;field&quot;:&quot;slug&quot;,&quot;terms&quot;:&quot;sale&quot;}]}}}}'><\/div><\/form><div class=\"w-separator size_small\"><\/div><div class=\"w-grid type_grid layout_6651 cols_3\" id=\"us_grid_1\" data-filterable=\"true\"><style>#us_grid_1 .w-grid-item{padding:0.5rem}#us_grid_1 .w-grid-list{margin:-0.5rem}.w-grid + #us_grid_1 .w-grid-list,.w-grid-none + #us_grid_1 .w-grid-list{margin-top:0.5rem}@media (max-width:1199px){#us_grid_1 .w-grid-item{width:50%}}@media (max-width:899px){#us_grid_1 .w-grid-list{margin:0}#us_grid_1 .w-grid-item{width:100%;padding:0;margin-bottom:0.5rem}}@media (max-width:599px){#us_grid_1 .w-grid-list{margin:0}#us_grid_1 .w-grid-item{width:100%;padding:0;margin-bottom:0.5rem}}.layout_6651 .w-grid-item-h{box-shadow:0 0rem 0rem rgba(0,0,0,0.1),0 0rem 0rem rgba(0,0,0,0.1);transition-duration:0.3s}.no-touch .layout_6651 .w-grid-item-h:hover{box-shadow:0 0.16rem 0.32rem rgba(0,0,0,0.1),0 0.53rem 1.6rem rgba(0,0,0,0.15);z-index:4}.layout_6651 .usg_post_image_1{border-left-width:1px!important;border-top-width:1px!important;border-right-width:1px!important;border-color:var(--color-header-transparent-text)!important;border-top-style:solid!important;border-right-style:solid!important;border-left-style:solid!important}.layout_6651 .usg_vwrapper_1{padding:1rem 1.5rem 1rem 1.5rem!important;border:1px solid var(--color-header-transparent-text)!important}.layout_6651 .usg_hwrapper_1{color:var(--color-content-faded)!important;font-size:0.9rem!important}.layout_6651 .usg_product_field_1{font-weight:700!important;font-size:1.2rem!important}<\/style><div class=\"w-grid-list\">\t<article class=\"w-grid-item size_1x1 post-6963 product type-product status-publish has-post-thumbnail product_cat-all product_cat-sale first instock shipping-taxable product-type-simple\" data-id=\"6963\">\n\t\t<div class=\"w-grid-item-h\">\n\t\t\t\t\t\t\t<a class=\"w-grid-item-anchor\" href=\"https:\/\/construtorahema.com.br\/en\/produto\/residencial-nai\/\" rel=\"bookmark\" aria-label=\"Residencial NAI\"><\/a>\n\t\t\t\t\t\t<div class=\"w-post-elm post_image usg_post_image_1 has_ratio\"><div style=\"padding-bottom:100%\"><\/div><a href=\"https:\/\/construtorahema.com.br\/en\/produto\/residencial-nai\/\" aria-label=\"Residencial NAI\"><img loading=\"lazy\" decoding=\"async\" width=\"1024\" height=\"602\" src=\"https:\/\/construtorahema.com.br\/en\/wp-content\/uploads\/2022\/05\/A\u0301REA-DE-PISCINAS-TE\u0301RREO-1-1024x602-1.jpg\" class=\"attachment-large size-large wp-post-image\" alt=\"\" srcset=\"https:\/\/construtorahema.com.br\/en\/wp-content\/uploads\/2022\/05\/A\u0301REA-DE-PISCINAS-TE\u0301RREO-1-1024x602-1.jpg 1024w, https:\/\/construtorahema.com.br\/en\/wp-content\/uploads\/2022\/05\/A\u0301REA-DE-PISCINAS-TE\u0301RREO-1-1024x602-1-600x353.jpg 600w, https:\/\/construtorahema.com.br\/en\/wp-content\/uploads\/2022\/05\/A\u0301REA-DE-PISCINAS-TE\u0301RREO-1-1024x602-1-300x176.jpg 300w, https:\/\/construtorahema.com.br\/en\/wp-content\/uploads\/2022\/05\/A\u0301REA-DE-PISCINAS-TE\u0301RREO-1-1024x602-1-768x452.jpg 768w\" sizes=\"(max-width: 1024px) 100vw, 1024px\" \/><\/a><\/div><div class=\"w-vwrapper usg_vwrapper_1 align_left valign_top\" style=\"--vwrapper-gap:0.5rem\"><div class=\"w-post-elm post_title usg_post_title_1 woocommerce-loop-product__title\"><a href=\"https:\/\/construtorahema.com.br\/en\/produto\/residencial-nai\/\">Residencial NAI<\/a><\/div><div class=\"w-hwrapper usg_hwrapper_1 align_left valign_top wrap\"><div class=\"w-post-elm post_custom_field usg_post_custom_field_3 type_text\"><i class=\"fal fa-chart-area\"><\/i><span class=\"w-post-elm-value\">Cabo Branco<\/span><\/div><div class=\"w-post-elm post_custom_field usg_post_custom_field_4 type_text\"><i class=\"fal fa-bed\"><\/i><span class=\"w-post-elm-value\">03<\/span><\/div><div class=\"w-post-elm post_custom_field usg_post_custom_field_1 type_text\"><i class=\"fal fa-vector-square\"><\/i><span class=\"w-post-elm-value\">110<\/span><span class=\"w-post-elm-after\"> m\u00b2<\/span><\/div><div class=\"w-post-elm post_custom_field usg_post_custom_field_2 type_text\"><i class=\"fal fa-car\"><\/i><span class=\"w-post-elm-value\">02<\/span><\/div><\/div><\/div>\t\t<\/div>\n\t<\/article>\n\t<article class=\"w-grid-item size_1x1 post-6840 product type-product status-publish has-post-thumbnail product_cat-all product_cat-rental product_cat-sale  instock shipping-taxable product-type-simple\" data-id=\"6840\">\n\t\t<div class=\"w-grid-item-h\">\n\t\t\t\t\t\t\t<a class=\"w-grid-item-anchor\" href=\"https:\/\/construtorahema.com.br\/en\/produto\/golden-flat\/\" rel=\"bookmark\" aria-label=\"Golden Flat\"><\/a>\n\t\t\t\t\t\t<div class=\"w-post-elm post_image usg_post_image_1 has_ratio\"><div style=\"padding-bottom:100%\"><\/div><a href=\"https:\/\/construtorahema.com.br\/en\/produto\/golden-flat\/\" aria-label=\"Golden Flat\"><img loading=\"lazy\" decoding=\"async\" width=\"955\" height=\"660\" src=\"https:\/\/construtorahema.com.br\/en\/wp-content\/uploads\/2022\/04\/3c59658d-84e1-49f2-9835-f2305c63cb08.jpg\" class=\"attachment-large size-large wp-post-image\" alt=\"\" srcset=\"https:\/\/construtorahema.com.br\/en\/wp-content\/uploads\/2022\/04\/3c59658d-84e1-49f2-9835-f2305c63cb08.jpg 955w, https:\/\/construtorahema.com.br\/en\/wp-content\/uploads\/2022\/04\/3c59658d-84e1-49f2-9835-f2305c63cb08-600x415.jpg 600w, https:\/\/construtorahema.com.br\/en\/wp-content\/uploads\/2022\/04\/3c59658d-84e1-49f2-9835-f2305c63cb08-300x207.jpg 300w, https:\/\/construtorahema.com.br\/en\/wp-content\/uploads\/2022\/04\/3c59658d-84e1-49f2-9835-f2305c63cb08-768x531.jpg 768w\" sizes=\"(max-width: 955px) 100vw, 955px\" \/><\/a><\/div><div class=\"w-vwrapper usg_vwrapper_1 align_left valign_top\" style=\"--vwrapper-gap:0.5rem\"><div class=\"w-post-elm post_title usg_post_title_1 woocommerce-loop-product__title\"><a href=\"https:\/\/construtorahema.com.br\/en\/produto\/golden-flat\/\">Golden Flat<\/a><\/div><div class=\"w-hwrapper usg_hwrapper_1 align_left valign_top wrap\"><div class=\"w-post-elm post_custom_field usg_post_custom_field_3 type_text\"><i class=\"fal fa-chart-area\"><\/i><span class=\"w-post-elm-value\">Mana\u00edra<\/span><\/div><div class=\"w-post-elm post_custom_field usg_post_custom_field_4 type_text\"><i class=\"fal fa-bed\"><\/i><span class=\"w-post-elm-value\">02<\/span><\/div><div class=\"w-post-elm post_custom_field usg_post_custom_field_1 type_text\"><i class=\"fal fa-vector-square\"><\/i><span class=\"w-post-elm-value\">58.13<\/span><span class=\"w-post-elm-after\"> m\u00b2<\/span><\/div><div class=\"w-post-elm post_custom_field usg_post_custom_field_2 type_text\"><i class=\"fal fa-car\"><\/i><span class=\"w-post-elm-value\">01<\/span><\/div><\/div><\/div>\t\t<\/div>\n\t<\/article>\n<\/div><div class=\"w-grid-preloader\"><div class=\"g-preloader type_1\">\n\t<div><\/div>\n<\/div>\n<\/div>\t<div class=\"w-grid-json hidden\" onclick='return {&quot;action&quot;:&quot;us_ajax_grid&quot;,&quot;ajax_url&quot;:&quot;https:\\\/\\\/construtorahema.com.br\\\/en\\\/wp-admin\\\/admin-ajax.php&quot;,&quot;infinite_scroll&quot;:0,&quot;max_num_pages&quot;:1,&quot;pagination&quot;:&quot;none&quot;,&quot;permalink_url&quot;:&quot;https:\\\/\\\/construtorahema.com.br\\\/en\\\/wp-json\\\/wp\\\/v2\\\/pages\\\/6648&quot;,&quot;template_vars&quot;:{&quot;columns&quot;:&quot;3&quot;,&quot;exclude_items&quot;:&quot;none&quot;,&quot;img_size&quot;:&quot;default&quot;,&quot;ignore_items_size&quot;:false,&quot;items_layout&quot;:&quot;6651&quot;,&quot;items_offset&quot;:&quot;1&quot;,&quot;load_animation&quot;:&quot;none&quot;,&quot;overriding_link&quot;:&quot;post&quot;,&quot;post_id&quot;:6648,&quot;query_args&quot;:{&quot;post_type&quot;:[&quot;product&quot;],&quot;post_status&quot;:[&quot;publish&quot;,&quot;acf-disabled&quot;,&quot;tribe-ea-success&quot;,&quot;tribe-ea-failed&quot;,&quot;tribe-ea-schedule&quot;,&quot;tribe-ea-pending&quot;,&quot;tribe-ea-draft&quot;],&quot;meta_query&quot;:[],&quot;tax_query&quot;:[{&quot;taxonomy&quot;:&quot;product_visibility&quot;,&quot;field&quot;:&quot;slug&quot;,&quot;terms&quot;:[&quot;exclude-from-catalog&quot;],&quot;operator&quot;:&quot;NOT IN&quot;}],&quot;posts_per_page&quot;:999},&quot;orderby_query_args&quot;:{&quot;orderby&quot;:{&quot;date&quot;:&quot;DESC&quot;}},&quot;type&quot;:&quot;grid&quot;,&quot;us_grid_ajax_index&quot;:1,&quot;us_grid_filter_params&quot;:null,&quot;us_grid_index&quot;:1,&quot;_us_grid_post_type&quot;:&quot;product&quot;}}'><\/div>\n\t<\/div><\/div><\/div><\/div><\/div><\/div><\/section>\n","protected":false},"excerpt":{"rendered":"GOLDEN FLAT 01 e 02 QuartosCozinha Americana01 Vaga de GaragemMobiliadoSal\u00e3o de Festas04 ElevadoresSolariumRecep\u00e7\u00e3oApartamentos com sala de estar\/jantar, 01 e 02 quarto(s), WC revers\u00edvel, cozinha americana, \u00e1rea de servi\u00e7o, e 01...","protected":false},"author":1,"featured_media":0,"parent":0,"menu_order":0,"comment_status":"closed","ping_status":"closed","template":"","meta":{"_acf_changed":false,"footnotes":""},"class_list":["post-6648","page","type-page","status-publish","hentry"],"acf":[],"_links":{"self":[{"href":"https:\/\/construtorahema.com.br\/en\/wp-json\/wp\/v2\/pages\/6648"}],"collection":[{"href":"https:\/\/construtorahema.com.br\/en\/wp-json\/wp\/v2\/pages"}],"about":[{"href":"https:\/\/construtorahema.com.br\/en\/wp-json\/wp\/v2\/types\/page"}],"author":[{"embeddable":true,"href":"https:\/\/construtorahema.com.br\/en\/wp-json\/wp\/v2\/users\/1"}],"replies":[{"embeddable":true,"href":"https:\/\/construtorahema.com.br\/en\/wp-json\/wp\/v2\/comments?post=6648"}],"version-history":[{"count":9,"href":"https:\/\/construtorahema.com.br\/en\/wp-json\/wp\/v2\/pages\/6648\/revisions"}],"predecessor-version":[{"id":7242,"href":"https:\/\/construtorahema.com.br\/en\/wp-json\/wp\/v2\/pages\/6648\/revisions\/7242"}],"wp:attachment":[{"href":"https:\/\/construtorahema.com.br\/en\/wp-json\/wp\/v2\/media?parent=6648"}],"curies":[{"name":"wp","href":"https:\/\/api.w.org\/{rel}","templated":true}]}}